{"id":60889,"date":"2023-02-08T10:19:23","date_gmt":"2023-02-08T08:19:23","guid":{"rendered":"https:\/\/cloud.ruuvi.com\/ruuvi-cloud-kayttoehdot\/"},"modified":"2023-03-27T11:21:27","modified_gmt":"2023-03-27T08:21:27","slug":"ruuvi-cloud-kayttoehdot","status":"publish","type":"page","link":"https:\/\/cloud.ruuvi.com\/fi\/ruuvi-cloud-kayttoehdot\/","title":{"rendered":"Ruuvi Cloud -pilvipalvelun k\u00e4ytt\u00f6ehdot"},"content":{"rendered":"\n<section id=\"b-spacer-block_a5d0c382564159e1adfd0f91f441972f\" class=\"b-spacer bg-white alignfull\">\n\t\t\t<div class=\"visible-lg-up\" style=\"height: 60px\"><\/div>\n\t\t<div class=\"hidden-lg-up\" style=\"height: 40px\"><\/div>\n\t<\/section>\n\n<h1 class=\"wp-block-heading\">Ruuvi Cloud -pilvipalvelun k\u00e4ytt\u00f6ehdot<\/h1>\n\n<p>Ruuvi Innovations Oy:n palveluehtojen ja tietosuojak\u00e4yt\u00e4nn\u00f6n lis\u00e4ksi n\u00e4m\u00e4 lis\u00e4ehdot koskevat Ruuvi Cloud -palvelua.<\/p>\n\n<ul class=\"wp-block-list\">\n<li>Kaikki Ruuvi Cloud -palvelupaketit on tarkoitettu k\u00e4ytett\u00e4v\u00e4ksi vain ei-kriittisiin k\u00e4ytt\u00f6tarkoituksiin. Pyrimme pit\u00e4m\u00e4\u00e4n palvelumme parhaassa mahdollisessa kunnossa, mutta emme takaa 100 % saatavuutta ja tietojen s\u00e4ilyvyytt\u00e4. <\/li>\n\n\n\n<li>Ruuvi Cloud Basic ja Pro -palvelupaketit on suunniteltu ainoastaan yksityisk\u00e4ytt\u00f6\u00f6n. <\/li>\n\n\n\n<li>Ruuvi Cloud -palvelupakettien j\u00e4lleenmyynti on kielletty\u00e4. <\/li>\n\n\n\n<li>Ruuvi varaa oikeuden muuttaa hinnoittelua ja palveluvalikoimaa milloin tahansa oman harkintamme mukaan.<\/li>\n\n\n\n<li>Sitoudut olemaan rikkomatta soveltuvia lakeja tai m\u00e4\u00e4r\u00e4yksi\u00e4, mukaan lukien vainoaminen, h\u00e4irint\u00e4 tai muiden seuraaminen laittomissa tai rikollisissa tarkoituksissa k\u00e4ytt\u00e4ess\u00e4si Ruuvin tuotteita tai palveluita.<\/li>\n\n\n\n<li>Ota yhteytt\u00e4 sales@ruuvi.com mik\u00e4li sinulla on erityistarpeita Ruuvi Cloud -palvelupakettien suhteen.<\/li>\n<\/ul>\n\n<h5 class=\"wp-block-heading\">OHJELMISTOA JA PALVELUITA KOSKEVAT RAJOITUKSET:<\/h5>\n\n<p>Palvelujemme ja Ohjelmistomme kautta ker\u00e4ttyjen ja esitettyjen tietojen tarkkuutta ei ole tarkoitettu vastaamaan l\u00e4\u00e4ketieteellisten laitteiden tai tieteellisten mittauslaitteiden tarkkuutta. Pyrimme pit\u00e4m\u00e4\u00e4n palvelumme parhaassa mahdollisessa kunnossa, mutta emme takaa 100 % saatavuutta ja tietojen s\u00e4ilyvyytt\u00e4. Ruuvi Tuotteet ja Ohjelmisto ovat alttiita satunnaisille keskeytyksille ja h\u00e4iri\u00f6ille useista meist\u00e4 riippumattomista syist\u00e4, mukaan lukien Wi-Fi, Ethernet, verkon katkokset, palveluntarjoajan k\u00e4ytett\u00e4vyys, mobiililaitteiden toimittajat ja operaattorit sek\u00e4 muut vastaavat palvelut. Kun k\u00e4yt\u00e4t palveluita ja tuotteita, hyv\u00e4ksyt n\u00e4m\u00e4 rajoitukset ja hyv\u00e4ksyt, ett\u00e4 emme ole vastuussa mist\u00e4\u00e4n vahingoista, jotka johtuvat mahdollisesta Palveluiden ja\/tai Ohjelmiston ep\u00e4onnistumisesta tai viiv\u00e4stymisest\u00e4. Ymm\u00e4rr\u00e4t ja hyv\u00e4ksyt sen, ett\u00e4 Palveluita ei ole tarkoitettu tai sertifioitu h\u00e4t\u00e4apua tai muita vastaavia palveluja varten, olivatpa ne yksin\u00e4\u00e4n tai yhdistettyin\u00e4 kolmannen osapuolen tuotteisiin tai palveluihin. Emme my\u00f6sk\u00e4\u00e4n anna mit\u00e4\u00e4n takuita tai esit\u00e4, ett\u00e4 Palveluiden tai Ohjelmiston k\u00e4ytt\u00f6 mink\u00e4\u00e4n kolmannen osapuolen tuotteen tai palvelun kanssa johtaa mink\u00e4\u00e4nlaiseen turvallisuustasoon. Emme ole vastuussa tuotetietojen tarkkuudesta, luotettavuudesta, tehokkuudesta tai oikeasta k\u00e4yt\u00f6st\u00e4, ja jos luotat siihen, teet sen omalla vastuullasi.<\/p>\n\n<p><strong>Huomio! <\/strong>Tuotteet, Ohjelmisto ja Palvelut eiv\u00e4t ole vikasietoisia eik\u00e4 niit\u00e4 ole suunniteltu vikasietoisiksi. Ruuvi-tuotteita, -ohjelmistoja ja -palveluita ei ole suunniteltu k\u00e4ytett\u00e4v\u00e4ksi miss\u00e4\u00e4n tilanteessa, jossa Tuotteiden, Ohjelmiston tai Palveluiden virhe, vika tai keskeytys voi johtaa kenen tahansa henkil\u00f6n kuolemaan tai vakavaan ruumiinvammaan tai johtaa vakavaan, todelliseen tai aineelliseen henkil\u00f6kohtaiseen omaisuuteen kohdistuvaan vahinkoon tai ymp\u00e4rist\u00f6vahinkoon (&#8221;MIK\u00c4 TAHANSA KORKEAN RISKIN K\u00c4YTT\u00d6&#8221;). Et saa k\u00e4ytt\u00e4\u00e4 ja sitoudut olemaan k\u00e4ytt\u00e4m\u00e4tt\u00e4 Tuotteita, Ohjelmistoa tai palveluita miss\u00e4\u00e4n korkean riskin k\u00e4ytt\u00f6tarkoituksessa tai sen yhteydess\u00e4. Kaikki korkean riskin k\u00e4ytt\u00f6 on <strong>ehdottomasti kielletty<\/strong>. Korkean riskin k\u00e4ytt\u00f6 sis\u00e4lt\u00e4\u00e4, mutta ei rajoitu, esimerkiksi seuraavia k\u00e4ytt\u00f6kohteita: lentokoneen navigointi tai ohjaus, autonominen ajo, muiden joukkoliikennemuotojen ohjaus, ydin- tai kemialliset laitokset, l\u00e4\u00e4kint\u00e4-, turvallisuus- tai h\u00e4t\u00e4palvelut.<\/p>\n\n<h5 class=\"wp-block-heading\">TARVITTAVAT LAITTEET<\/h5>\n\n<p>Ruuvi-tuotteiden k\u00e4ytt\u00f6 vaatii tuetun mobiililaitteen ja Internet-yhteyden. Kaikki lis\u00e4tuotteisiin ja -palveluihin liittyv\u00e4t yll\u00e4pito- ja turvallisuuskustannukset ovat yksin sinun vastuullasi. N\u00e4iden laitteiden yll\u00e4pito ja turvallisuus voivat vaikuttaa Ruuvi Innovations Oy:n tarjoamien tuotteiden ja palveluiden suorituskykyyn.<\/p>\n\n<h5 class=\"wp-block-heading\">H\u00c4LYTYKSET JA HUOMAUTUKSET<\/h5>\n\n<p>Osana Palveluita saatat saada push-ilmoituksia, h\u00e4lytyksi\u00e4, s\u00e4hk\u00f6posteja tai muun tyyppisi\u00e4 viestej\u00e4, jotka l\u00e4hetet\u00e4\u00e4n sinulle mobiilisovelluksen sis\u00e4ll\u00e4 tai sen ulkopuolella (&#8221;Push-viestit&#8221;) ja Ruuvi Station -sovelluksen selaink\u00e4ytt\u00f6liittym\u00e4ss\u00e4. Emme ole vastuussa viiv\u00e4styneist\u00e4 tai toimittamatta j\u00e4\u00e4neist\u00e4 viesteist\u00e4, jotka johtuvat operaattorin keskeytyksist\u00e4, viiv\u00e4stysvirheist\u00e4 tai s\u00e4hk\u00f6postipalveluiden viiv\u00e4styksist\u00e4, push-viestipalveluiden viiv\u00e4styksist\u00e4 tai siit\u00e4, ettet ole p\u00e4ivitt\u00e4nyt yhteystietojasi. Huomaa, ett\u00e4 viesteist\u00e4 saatetaan peri\u00e4 maksuja langattoman operaattorin kanssa tekem\u00e4si palvelusopimuksen mukaisesti.<\/p>\n\n<p>Voit hallita push-viestiasetuksia ja ottaa n\u00e4m\u00e4 push-viestit k\u00e4ytt\u00f6\u00f6n tai poistaa ne (lukuun ottamatta mahdollisesti harvoin toistuvia t\u00e4rkeit\u00e4 palveluilmoituksia ja hallinnollisia viestej\u00e4) mobiilisovelluksen tai muuten mobiililaitteen kautta. Huomaa, ett\u00e4 Push-viesteist\u00e4 saatetaan peri\u00e4 kolmannen osapuolen viestimaksuja langattoman operaattorin kanssa tehdyn palvelusopimuksen mukaisesti.<\/p>\n\n<h5 class=\"wp-block-heading\">ASIAKKAAN PALVELUUN LIS\u00c4\u00c4M\u00c4 SIS\u00c4LT\u00d6<\/h5>\n\n<p>Olet yksin vastuussa sis\u00e4ll\u00f6st\u00e4, kuten tekstist\u00e4, kuvista ja muusta materiaalista ja tiedosta, jonka lataat tai l\u00e4het\u00e4t Palveluihimme tai niiden kautta, sek\u00e4 sen laillisuudesta, luotettavuudesta ja asianmukaisuudesta. Sinun tulee ladata ja lis\u00e4t\u00e4 vain sis\u00e4lt\u00f6\u00e4, jonka olet luonut tai jonka k\u00e4ytt\u00e4miseen ja julkaisemiseen sinulla on asianmukainen lupa. Lataamalla tai l\u00e4hett\u00e4m\u00e4ll\u00e4 asiakassis\u00e4lt\u00f6\u00e4si annat meille oikeuden ja luvan tallentaa, kopioida, muokata, siirt\u00e4\u00e4, v\u00e4litt\u00e4\u00e4 ja k\u00e4ytt\u00e4\u00e4 asiakassis\u00e4lt\u00f6\u00e4si Palvelujen tarjoamisen yhteydess\u00e4.<\/p>\n\n<h5 class=\"wp-block-heading\">ASIAKKAAN SIS\u00c4LT\u00d6\u00c4 KOSKEVAT K\u00c4YT\u00c4NN\u00d6T<\/h5>\n\n<p>Pid\u00e4t\u00e4mme oikeuden tarkastaa mink\u00e4 tahansa tai kaikki osat asiakkaan sis\u00e4ll\u00f6st\u00e4 ja poistaa (tai muokata) mit\u00e4 tahansa asiakassis\u00e4lt\u00f6\u00e4 tarjoamissamme Palveluissa mist\u00e4 tahansa syyst\u00e4, mukaan lukien jos uskomme oman harkintamme mukaan asiakassis\u00e4lt\u00f6si rikkovan n\u00e4it\u00e4 ehtoja tai uhkaavan turvallisuutta tai vahingoittavan muita henkil\u00f6it\u00e4 tai aiheuttavan vastuita meille tai muille henkil\u00f6ille. Pid\u00e4t\u00e4mme my\u00f6s oikeuden (mutta meill\u00e4 ei ole velvollisuutta) ryhty\u00e4 asianmukaisiin toimenpiteisiin mik\u00e4li rikot jotakin n\u00e4iden k\u00e4ytt\u00f6ehtojen kohtaa, jolloin keskeyt\u00e4mme tai lopetamme tilisi sek\u00e4 est\u00e4mme p\u00e4\u00e4syn Palveluihimme.<\/p>\n\n<section id=\"b-spacer-block_09c6fcc087a9d5e283777f1efc12ed56\" class=\"b-spacer bg-white alignfull\">\n\t\t\t<div class=\"visible-lg-up\" style=\"height: 100px\"><\/div>\n\t\t<div class=\"hidden-lg-up\" style=\"height: 60px\"><\/div>\n\t<\/section>\n","protected":false},"excerpt":{"rendered":"<p>Ruuvi Cloud -pilvipalvelun k\u00e4ytt\u00f6ehdot Ruuvi Innovations Oy:n palveluehtojen ja tietosuojak\u00e4yt\u00e4nn\u00f6n lis\u00e4ksi n\u00e4m\u00e4 lis\u00e4ehdot koskevat Ruuvi Cloud -palvelua. OHJELMISTOA JA PALVELUITA KOSKEVAT RAJOITUKSET: Palvelujemme ja Ohjelmistomme kautta ker\u00e4ttyjen ja esitettyjen tietojen tarkkuutta ei ole tarkoitettu vastaamaan l\u00e4\u00e4ketieteellisten laitteiden tai tieteellisten mittauslaitteiden tarkkuutta. Pyrimme pit\u00e4m\u00e4\u00e4n palvelumme parhaassa mahdollisessa kunnossa, mutta emme takaa 100 % saatavuutta ja tietojen [&hellip;]<\/p>\n","protected":false},"author":3,"featured_media":0,"parent":0,"menu_order":0,"comment_status":"closed","ping_status":"closed","template":"","meta":{"_acf_changed":false,"footnotes":""},"class_list":["post-60889","page","type-page","status-publish","hentry"],"acf":[],"yoast_head":"<!-- This site is optimized with the Yoast SEO plugin v27.3 - https:\/\/yoast.com\/product\/yoast-seo-wordpress\/ -->\n<title>Ruuvi Cloud -pilvipalvelun k\u00e4ytt\u00f6ehdot - Ruuvi Cloud Shop<\/title>\n<meta name=\"robots\" content=\"index, follow, max-snippet:-1, max-image-preview:large, max-video-preview:-1\" \/>\n<link rel=\"canonical\" href=\"https:\/\/cloud.ruuvi.com\/fi\/ruuvi-cloud-kayttoehdot\/\" \/>\n<meta property=\"og:locale\" content=\"fi_FI\" \/>\n<meta property=\"og:type\" content=\"article\" \/>\n<meta property=\"og:title\" content=\"Ruuvi Cloud -pilvipalvelun k\u00e4ytt\u00f6ehdot - Ruuvi Cloud Shop\" \/>\n<meta property=\"og:description\" content=\"Ruuvi Cloud -pilvipalvelun k\u00e4ytt\u00f6ehdot Ruuvi Innovations Oy:n palveluehtojen ja tietosuojak\u00e4yt\u00e4nn\u00f6n lis\u00e4ksi n\u00e4m\u00e4 lis\u00e4ehdot koskevat Ruuvi Cloud -palvelua. OHJELMISTOA JA PALVELUITA KOSKEVAT RAJOITUKSET: Palvelujemme ja Ohjelmistomme kautta ker\u00e4ttyjen ja esitettyjen tietojen tarkkuutta ei ole tarkoitettu vastaamaan l\u00e4\u00e4ketieteellisten laitteiden tai tieteellisten mittauslaitteiden tarkkuutta. Pyrimme pit\u00e4m\u00e4\u00e4n palvelumme parhaassa mahdollisessa kunnossa, mutta emme takaa 100 % saatavuutta ja tietojen [&hellip;]\" \/>\n<meta property=\"og:url\" content=\"https:\/\/cloud.ruuvi.com\/fi\/ruuvi-cloud-kayttoehdot\/\" \/>\n<meta property=\"og:site_name\" content=\"Ruuvi Cloud Shop\" \/>\n<meta property=\"article:publisher\" content=\"https:\/\/www.facebook.com\/ruuvi.cc\" \/>\n<meta property=\"article:modified_time\" content=\"2023-03-27T08:21:27+00:00\" \/>\n<meta property=\"og:image\" content=\"https:\/\/cloud.ruuvi.com\/i\/u\/ruuvi-share-measure_your_world_1.jpg\" \/>\n\t<meta property=\"og:image:width\" content=\"1200\" \/>\n\t<meta property=\"og:image:height\" content=\"628\" \/>\n\t<meta property=\"og:image:type\" content=\"image\/jpeg\" \/>\n<meta name=\"twitter:card\" content=\"summary_large_image\" \/>\n<meta name=\"twitter:site\" content=\"@ruuvicom\" \/>\n<meta name=\"twitter:label1\" content=\"Arvioitu lukuaika\" \/>\n\t<meta name=\"twitter:data1\" content=\"4 minuuttia\" \/>\n<script type=\"application\/ld+json\" class=\"yoast-schema-graph\">{\"@context\":\"https:\\\/\\\/schema.org\",\"@graph\":[{\"@type\":\"WebPage\",\"@id\":\"https:\\\/\\\/cloud.ruuvi.com\\\/fi\\\/ruuvi-cloud-kayttoehdot\\\/\",\"url\":\"https:\\\/\\\/cloud.ruuvi.com\\\/fi\\\/ruuvi-cloud-kayttoehdot\\\/\",\"name\":\"Ruuvi Cloud -pilvipalvelun k\u00e4ytt\u00f6ehdot - Ruuvi Cloud Shop\",\"isPartOf\":{\"@id\":\"https:\\\/\\\/cloud.ruuvi.com\\\/fi\\\/#website\"},\"datePublished\":\"2023-02-08T08:19:23+00:00\",\"dateModified\":\"2023-03-27T08:21:27+00:00\",\"breadcrumb\":{\"@id\":\"https:\\\/\\\/cloud.ruuvi.com\\\/fi\\\/ruuvi-cloud-kayttoehdot\\\/#breadcrumb\"},\"inLanguage\":\"fi\",\"potentialAction\":[{\"@type\":\"ReadAction\",\"target\":[\"https:\\\/\\\/cloud.ruuvi.com\\\/fi\\\/ruuvi-cloud-kayttoehdot\\\/\"]}]},{\"@type\":\"BreadcrumbList\",\"@id\":\"https:\\\/\\\/cloud.ruuvi.com\\\/fi\\\/ruuvi-cloud-kayttoehdot\\\/#breadcrumb\",\"itemListElement\":[{\"@type\":\"ListItem\",\"position\":1,\"name\":\"Home\",\"item\":\"https:\\\/\\\/cloud.ruuvi.com\\\/fi\\\/\"},{\"@type\":\"ListItem\",\"position\":2,\"name\":\"Ruuvi Cloud -pilvipalvelun k\u00e4ytt\u00f6ehdot\"}]},{\"@type\":\"WebSite\",\"@id\":\"https:\\\/\\\/cloud.ruuvi.com\\\/fi\\\/#website\",\"url\":\"https:\\\/\\\/cloud.ruuvi.com\\\/fi\\\/\",\"name\":\"Ruuvi Cloud Shop\",\"description\":\"Measure Your World\",\"potentialAction\":[],\"inLanguage\":\"fi\"}]}<\/script>\n<!-- \/ Yoast SEO plugin. -->","yoast_head_json":{"title":"Ruuvi Cloud -pilvipalvelun k\u00e4ytt\u00f6ehdot - Ruuvi Cloud Shop","robots":{"index":"index","follow":"follow","max-snippet":"max-snippet:-1","max-image-preview":"max-image-preview:large","max-video-preview":"max-video-preview:-1"},"canonical":"https:\/\/cloud.ruuvi.com\/fi\/ruuvi-cloud-kayttoehdot\/","og_locale":"fi_FI","og_type":"article","og_title":"Ruuvi Cloud -pilvipalvelun k\u00e4ytt\u00f6ehdot - Ruuvi Cloud Shop","og_description":"Ruuvi Cloud -pilvipalvelun k\u00e4ytt\u00f6ehdot Ruuvi Innovations Oy:n palveluehtojen ja tietosuojak\u00e4yt\u00e4nn\u00f6n lis\u00e4ksi n\u00e4m\u00e4 lis\u00e4ehdot koskevat Ruuvi Cloud -palvelua. OHJELMISTOA JA PALVELUITA KOSKEVAT RAJOITUKSET: Palvelujemme ja Ohjelmistomme kautta ker\u00e4ttyjen ja esitettyjen tietojen tarkkuutta ei ole tarkoitettu vastaamaan l\u00e4\u00e4ketieteellisten laitteiden tai tieteellisten mittauslaitteiden tarkkuutta. Pyrimme pit\u00e4m\u00e4\u00e4n palvelumme parhaassa mahdollisessa kunnossa, mutta emme takaa 100 % saatavuutta ja tietojen [&hellip;]","og_url":"https:\/\/cloud.ruuvi.com\/fi\/ruuvi-cloud-kayttoehdot\/","og_site_name":"Ruuvi Cloud Shop","article_publisher":"https:\/\/www.facebook.com\/ruuvi.cc","article_modified_time":"2023-03-27T08:21:27+00:00","og_image":[{"width":1200,"height":628,"url":"https:\/\/cloud.ruuvi.com\/i\/u\/ruuvi-share-measure_your_world_1.jpg","type":"image\/jpeg"}],"twitter_card":"summary_large_image","twitter_site":"@ruuvicom","twitter_misc":{"Arvioitu lukuaika":"4 minuuttia"},"schema":{"@context":"https:\/\/schema.org","@graph":[{"@type":"WebPage","@id":"https:\/\/cloud.ruuvi.com\/fi\/ruuvi-cloud-kayttoehdot\/","url":"https:\/\/cloud.ruuvi.com\/fi\/ruuvi-cloud-kayttoehdot\/","name":"Ruuvi Cloud -pilvipalvelun k\u00e4ytt\u00f6ehdot - Ruuvi Cloud Shop","isPartOf":{"@id":"https:\/\/cloud.ruuvi.com\/fi\/#website"},"datePublished":"2023-02-08T08:19:23+00:00","dateModified":"2023-03-27T08:21:27+00:00","breadcrumb":{"@id":"https:\/\/cloud.ruuvi.com\/fi\/ruuvi-cloud-kayttoehdot\/#breadcrumb"},"inLanguage":"fi","potentialAction":[{"@type":"ReadAction","target":["https:\/\/cloud.ruuvi.com\/fi\/ruuvi-cloud-kayttoehdot\/"]}]},{"@type":"BreadcrumbList","@id":"https:\/\/cloud.ruuvi.com\/fi\/ruuvi-cloud-kayttoehdot\/#breadcrumb","itemListElement":[{"@type":"ListItem","position":1,"name":"Home","item":"https:\/\/cloud.ruuvi.com\/fi\/"},{"@type":"ListItem","position":2,"name":"Ruuvi Cloud -pilvipalvelun k\u00e4ytt\u00f6ehdot"}]},{"@type":"WebSite","@id":"https:\/\/cloud.ruuvi.com\/fi\/#website","url":"https:\/\/cloud.ruuvi.com\/fi\/","name":"Ruuvi Cloud Shop","description":"Measure Your World","potentialAction":[],"inLanguage":"fi"}]}},"_links":{"self":[{"href":"https:\/\/cloud.ruuvi.com\/fi\/wp-json\/wp\/v2\/pages\/60889","targetHints":{"allow":["GET"]}}],"collection":[{"href":"https:\/\/cloud.ruuvi.com\/fi\/wp-json\/wp\/v2\/pages"}],"about":[{"href":"https:\/\/cloud.ruuvi.com\/fi\/wp-json\/wp\/v2\/types\/page"}],"author":[{"embeddable":true,"href":"https:\/\/cloud.ruuvi.com\/fi\/wp-json\/wp\/v2\/users\/3"}],"replies":[{"embeddable":true,"href":"https:\/\/cloud.ruuvi.com\/fi\/wp-json\/wp\/v2\/comments?post=60889"}],"version-history":[{"count":10,"href":"https:\/\/cloud.ruuvi.com\/fi\/wp-json\/wp\/v2\/pages\/60889\/revisions"}],"predecessor-version":[{"id":60904,"href":"https:\/\/cloud.ruuvi.com\/fi\/wp-json\/wp\/v2\/pages\/60889\/revisions\/60904"}],"wp:attachment":[{"href":"https:\/\/cloud.ruuvi.com\/fi\/wp-json\/wp\/v2\/media?parent=60889"}],"curies":[{"name":"wp","href":"https:\/\/api.w.org\/{rel}","templated":true}]}}