{"id":52213,"date":"2023-01-31T06:02:17","date_gmt":"2023-01-31T04:02:17","guid":{"rendered":"https:\/\/cloud.ruuvi.com\/tilauksen-tila\/"},"modified":"2023-02-03T06:40:48","modified_gmt":"2023-02-03T04:40:48","slug":"tilauksen-tila","status":"publish","type":"page","link":"https:\/\/cloud.ruuvi.com\/fi\/tilauksen-tila\/","title":{"rendered":"Mist\u00e4 n\u00e4en tilaukseni t\u00e4m\u00e4nhetkisen tilan?"},"content":{"rendered":"\n<h2 class=\"wp-block-heading\">Mist\u00e4 n\u00e4en tilaukseni t\u00e4m\u00e4nhetkisen tilan?<\/h2>\n\n<p>Kirjaudu ensin Ruuvi Stationin selaink\u00e4ytt\u00f6liittym\u00e4\u00e4n osoitteessa ruuvi.com\/fi\/station<\/p>\n\n<p>Napauta sitten oikeassa yl\u00e4kulmassa olevaa k\u00e4ytt\u00e4j\u00e4profiilikuvaketta ja valitse valikosta Minun Ruuvi-tilini. T\u00e4lt\u00e4 sivulta n\u00e4et tilauksesi t\u00e4m\u00e4nhetkisen tilan.<\/p>\n<div class=\"wp-block-image\">\n<figure class=\"aligncenter size-full is-resized\"><img loading=\"lazy\" decoding=\"async\" src=\"https:\/\/cloud.ruuvi.com\/i\/u\/ruuvicloud-plan-status.jpg\" alt=\"\" class=\"wp-image-52197\" width=\"576\" height=\"773\" srcset=\"https:\/\/cloud.ruuvi.com\/i\/u\/ruuvicloud-plan-status.jpg 1152w, https:\/\/cloud.ruuvi.com\/i\/u\/ruuvicloud-plan-status-336x450.jpg 336w, https:\/\/cloud.ruuvi.com\/i\/u\/ruuvicloud-plan-status-764x1024.jpg 764w, https:\/\/cloud.ruuvi.com\/i\/u\/ruuvicloud-plan-status-768x1030.jpg 768w, https:\/\/cloud.ruuvi.com\/i\/u\/ruuvicloud-plan-status-1145x1536.jpg 1145w, https:\/\/cloud.ruuvi.com\/i\/u\/ruuvicloud-plan-status-600x805.jpg 600w\" sizes=\"auto, (max-width: 576px) 100vw, 576px\" \/><figcaption class=\"wp-element-caption\">Minun Ruuvi-tilini -n\u00e4kym\u00e4 Ruuvi Station -selaink\u00e4ytt\u00f6liittym\u00e4ss\u00e4 ruuvi.com\/fi\/station <\/figcaption><\/figure>\n<\/div>\n<section id=\"b-spacer-block_739720f155fc374a2f1701a6d23372d9\" class=\"b-spacer bg-white alignfull\">\n\t\t\t<div class=\"visible-lg-up\" style=\"height: 100px\"><\/div>\n\t\t<div class=\"hidden-lg-up\" style=\"height: 60px\"><\/div>\n\t<\/section>\n","protected":false},"excerpt":{"rendered":"<p>Mist\u00e4 n\u00e4en tilaukseni t\u00e4m\u00e4nhetkisen tilan? Kirjaudu ensin Ruuvi Stationin selaink\u00e4ytt\u00f6liittym\u00e4\u00e4n osoitteessa ruuvi.com\/fi\/station Napauta sitten oikeassa yl\u00e4kulmassa olevaa k\u00e4ytt\u00e4j\u00e4profiilikuvaketta ja valitse valikosta Minun Ruuvi-tilini. T\u00e4lt\u00e4 sivulta n\u00e4et tilauksesi t\u00e4m\u00e4nhetkisen tilan.<\/p>\n","protected":false},"author":2,"featured_media":0,"parent":0,"menu_order":0,"comment_status":"closed","ping_status":"closed","template":"","meta":{"_acf_changed":false,"footnotes":""},"class_list":["post-52213","page","type-page","status-publish","hentry"],"acf":[],"yoast_head":"<!-- This site is optimized with the Yoast SEO plugin v27.3 - https:\/\/yoast.com\/product\/yoast-seo-wordpress\/ -->\n<title>Mist\u00e4 n\u00e4en tilaukseni t\u00e4m\u00e4nhetkisen tilan? - Ruuvi Cloud Shop<\/title>\n<meta name=\"robots\" content=\"index, follow, max-snippet:-1, max-image-preview:large, max-video-preview:-1\" \/>\n<link rel=\"canonical\" href=\"https:\/\/cloud.ruuvi.com\/fi\/tilauksen-tila\/\" \/>\n<meta property=\"og:locale\" content=\"fi_FI\" \/>\n<meta property=\"og:type\" content=\"article\" \/>\n<meta property=\"og:title\" content=\"Mist\u00e4 n\u00e4en tilaukseni t\u00e4m\u00e4nhetkisen tilan? - Ruuvi Cloud Shop\" \/>\n<meta property=\"og:description\" content=\"Mist\u00e4 n\u00e4en tilaukseni t\u00e4m\u00e4nhetkisen tilan? Kirjaudu ensin Ruuvi Stationin selaink\u00e4ytt\u00f6liittym\u00e4\u00e4n osoitteessa ruuvi.com\/fi\/station Napauta sitten oikeassa yl\u00e4kulmassa olevaa k\u00e4ytt\u00e4j\u00e4profiilikuvaketta ja valitse valikosta Minun Ruuvi-tilini. T\u00e4lt\u00e4 sivulta n\u00e4et tilauksesi t\u00e4m\u00e4nhetkisen tilan.\" \/>\n<meta property=\"og:url\" content=\"https:\/\/cloud.ruuvi.com\/fi\/tilauksen-tila\/\" \/>\n<meta property=\"og:site_name\" content=\"Ruuvi Cloud Shop\" \/>\n<meta property=\"article:publisher\" content=\"https:\/\/www.facebook.com\/ruuvi.cc\" \/>\n<meta property=\"article:modified_time\" content=\"2023-02-03T04:40:48+00:00\" \/>\n<meta property=\"og:image\" content=\"https:\/\/cloud.ruuvi.com\/i\/u\/ruuvicloud-plan-status.jpg\" \/>\n<meta name=\"twitter:card\" content=\"summary_large_image\" \/>\n<meta name=\"twitter:site\" content=\"@ruuvicom\" \/>\n<script type=\"application\/ld+json\" class=\"yoast-schema-graph\">{\"@context\":\"https:\\\/\\\/schema.org\",\"@graph\":[{\"@type\":\"WebPage\",\"@id\":\"https:\\\/\\\/cloud.ruuvi.com\\\/fi\\\/tilauksen-tila\\\/\",\"url\":\"https:\\\/\\\/cloud.ruuvi.com\\\/fi\\\/tilauksen-tila\\\/\",\"name\":\"Mist\u00e4 n\u00e4en tilaukseni t\u00e4m\u00e4nhetkisen tilan? - Ruuvi Cloud Shop\",\"isPartOf\":{\"@id\":\"https:\\\/\\\/cloud.ruuvi.com\\\/fi\\\/#website\"},\"primaryImageOfPage\":{\"@id\":\"https:\\\/\\\/cloud.ruuvi.com\\\/fi\\\/tilauksen-tila\\\/#primaryimage\"},\"image\":{\"@id\":\"https:\\\/\\\/cloud.ruuvi.com\\\/fi\\\/tilauksen-tila\\\/#primaryimage\"},\"thumbnailUrl\":\"https:\\\/\\\/cloud.ruuvi.com\\\/i\\\/u\\\/ruuvicloud-plan-status.jpg\",\"datePublished\":\"2023-01-31T04:02:17+00:00\",\"dateModified\":\"2023-02-03T04:40:48+00:00\",\"breadcrumb\":{\"@id\":\"https:\\\/\\\/cloud.ruuvi.com\\\/fi\\\/tilauksen-tila\\\/#breadcrumb\"},\"inLanguage\":\"fi\",\"potentialAction\":[{\"@type\":\"ReadAction\",\"target\":[\"https:\\\/\\\/cloud.ruuvi.com\\\/fi\\\/tilauksen-tila\\\/\"]}]},{\"@type\":\"ImageObject\",\"inLanguage\":\"fi\",\"@id\":\"https:\\\/\\\/cloud.ruuvi.com\\\/fi\\\/tilauksen-tila\\\/#primaryimage\",\"url\":\"https:\\\/\\\/cloud.ruuvi.com\\\/i\\\/u\\\/ruuvicloud-plan-status.jpg\",\"contentUrl\":\"https:\\\/\\\/cloud.ruuvi.com\\\/i\\\/u\\\/ruuvicloud-plan-status.jpg\"},{\"@type\":\"BreadcrumbList\",\"@id\":\"https:\\\/\\\/cloud.ruuvi.com\\\/fi\\\/tilauksen-tila\\\/#breadcrumb\",\"itemListElement\":[{\"@type\":\"ListItem\",\"position\":1,\"name\":\"Home\",\"item\":\"https:\\\/\\\/cloud.ruuvi.com\\\/fi\\\/\"},{\"@type\":\"ListItem\",\"position\":2,\"name\":\"Mist\u00e4 n\u00e4en tilaukseni t\u00e4m\u00e4nhetkisen tilan?\"}]},{\"@type\":\"WebSite\",\"@id\":\"https:\\\/\\\/cloud.ruuvi.com\\\/fi\\\/#website\",\"url\":\"https:\\\/\\\/cloud.ruuvi.com\\\/fi\\\/\",\"name\":\"Ruuvi Cloud Shop\",\"description\":\"Measure Your World\",\"potentialAction\":[],\"inLanguage\":\"fi\"}]}<\/script>\n<!-- \/ Yoast SEO plugin. -->","yoast_head_json":{"title":"Mist\u00e4 n\u00e4en tilaukseni t\u00e4m\u00e4nhetkisen tilan? - Ruuvi Cloud Shop","robots":{"index":"index","follow":"follow","max-snippet":"max-snippet:-1","max-image-preview":"max-image-preview:large","max-video-preview":"max-video-preview:-1"},"canonical":"https:\/\/cloud.ruuvi.com\/fi\/tilauksen-tila\/","og_locale":"fi_FI","og_type":"article","og_title":"Mist\u00e4 n\u00e4en tilaukseni t\u00e4m\u00e4nhetkisen tilan? - Ruuvi Cloud Shop","og_description":"Mist\u00e4 n\u00e4en tilaukseni t\u00e4m\u00e4nhetkisen tilan? Kirjaudu ensin Ruuvi Stationin selaink\u00e4ytt\u00f6liittym\u00e4\u00e4n osoitteessa ruuvi.com\/fi\/station Napauta sitten oikeassa yl\u00e4kulmassa olevaa k\u00e4ytt\u00e4j\u00e4profiilikuvaketta ja valitse valikosta Minun Ruuvi-tilini. T\u00e4lt\u00e4 sivulta n\u00e4et tilauksesi t\u00e4m\u00e4nhetkisen tilan.","og_url":"https:\/\/cloud.ruuvi.com\/fi\/tilauksen-tila\/","og_site_name":"Ruuvi Cloud Shop","article_publisher":"https:\/\/www.facebook.com\/ruuvi.cc","article_modified_time":"2023-02-03T04:40:48+00:00","og_image":[{"url":"https:\/\/cloud.ruuvi.com\/i\/u\/ruuvicloud-plan-status.jpg","type":"","width":"","height":""}],"twitter_card":"summary_large_image","twitter_site":"@ruuvicom","schema":{"@context":"https:\/\/schema.org","@graph":[{"@type":"WebPage","@id":"https:\/\/cloud.ruuvi.com\/fi\/tilauksen-tila\/","url":"https:\/\/cloud.ruuvi.com\/fi\/tilauksen-tila\/","name":"Mist\u00e4 n\u00e4en tilaukseni t\u00e4m\u00e4nhetkisen tilan? - Ruuvi Cloud Shop","isPartOf":{"@id":"https:\/\/cloud.ruuvi.com\/fi\/#website"},"primaryImageOfPage":{"@id":"https:\/\/cloud.ruuvi.com\/fi\/tilauksen-tila\/#primaryimage"},"image":{"@id":"https:\/\/cloud.ruuvi.com\/fi\/tilauksen-tila\/#primaryimage"},"thumbnailUrl":"https:\/\/cloud.ruuvi.com\/i\/u\/ruuvicloud-plan-status.jpg","datePublished":"2023-01-31T04:02:17+00:00","dateModified":"2023-02-03T04:40:48+00:00","breadcrumb":{"@id":"https:\/\/cloud.ruuvi.com\/fi\/tilauksen-tila\/#breadcrumb"},"inLanguage":"fi","potentialAction":[{"@type":"ReadAction","target":["https:\/\/cloud.ruuvi.com\/fi\/tilauksen-tila\/"]}]},{"@type":"ImageObject","inLanguage":"fi","@id":"https:\/\/cloud.ruuvi.com\/fi\/tilauksen-tila\/#primaryimage","url":"https:\/\/cloud.ruuvi.com\/i\/u\/ruuvicloud-plan-status.jpg","contentUrl":"https:\/\/cloud.ruuvi.com\/i\/u\/ruuvicloud-plan-status.jpg"},{"@type":"BreadcrumbList","@id":"https:\/\/cloud.ruuvi.com\/fi\/tilauksen-tila\/#breadcrumb","itemListElement":[{"@type":"ListItem","position":1,"name":"Home","item":"https:\/\/cloud.ruuvi.com\/fi\/"},{"@type":"ListItem","position":2,"name":"Mist\u00e4 n\u00e4en tilaukseni t\u00e4m\u00e4nhetkisen tilan?"}]},{"@type":"WebSite","@id":"https:\/\/cloud.ruuvi.com\/fi\/#website","url":"https:\/\/cloud.ruuvi.com\/fi\/","name":"Ruuvi Cloud Shop","description":"Measure Your World","potentialAction":[],"inLanguage":"fi"}]}},"_links":{"self":[{"href":"https:\/\/cloud.ruuvi.com\/fi\/wp-json\/wp\/v2\/pages\/52213","targetHints":{"allow":["GET"]}}],"collection":[{"href":"https:\/\/cloud.ruuvi.com\/fi\/wp-json\/wp\/v2\/pages"}],"about":[{"href":"https:\/\/cloud.ruuvi.com\/fi\/wp-json\/wp\/v2\/types\/page"}],"author":[{"embeddable":true,"href":"https:\/\/cloud.ruuvi.com\/fi\/wp-json\/wp\/v2\/users\/2"}],"replies":[{"embeddable":true,"href":"https:\/\/cloud.ruuvi.com\/fi\/wp-json\/wp\/v2\/comments?post=52213"}],"version-history":[{"count":3,"href":"https:\/\/cloud.ruuvi.com\/fi\/wp-json\/wp\/v2\/pages\/52213\/revisions"}],"predecessor-version":[{"id":52216,"href":"https:\/\/cloud.ruuvi.com\/fi\/wp-json\/wp\/v2\/pages\/52213\/revisions\/52216"}],"wp:attachment":[{"href":"https:\/\/cloud.ruuvi.com\/fi\/wp-json\/wp\/v2\/media?parent=52213"}],"curies":[{"name":"wp","href":"https:\/\/api.w.org\/{rel}","templated":true}]}}