{"id":52211,"date":"2023-01-31T06:02:50","date_gmt":"2023-01-31T04:02:50","guid":{"rendered":"https:\/\/cloud.ruuvi.com\/aktivoi\/"},"modified":"2026-01-02T04:23:14","modified_gmt":"2026-01-02T02:23:14","slug":"aktivoi","status":"publish","type":"page","link":"https:\/\/cloud.ruuvi.com\/fi\/aktivoi\/","title":{"rendered":"Kuinka aktivoin Ruuvi Cloud -tilauksen?"},"content":{"rendered":"\n<h2 class=\"wp-block-heading\">Kuinka aktivoin Ruuvi Cloud -tilauksen?<\/h2>\n\n<p><strong>Kohta 1: Kirjaudu sis\u00e4\u00e4n Ruuvi Web Station k\u00e4ytt\u00f6liittym\u00e4\u00e4n<\/strong><\/p>\n\n<p>Kirjaudu sis\u00e4\u00e4n Ruuvi Web Station -k\u00e4ytt\u00f6liittym\u00e4\u00e4n osoitteessa <a href=\"https:\/\/ruuvi.com\/station\">ruuvi.com\/fi\/station<\/a>. Saat s\u00e4hk\u00f6postiisi salasanan (nelj\u00e4 merkki\u00e4), joka sy\u00f6tet\u00e4\u00e4n salasana-kentt\u00e4\u00e4n sis\u00e4\u00e4nkirjaantumisen yhteydess\u00e4. T\u00e4m\u00e4 ei ole sama kuin Ruuvi Cloud aktivointikoodi. <\/p>\n<div class=\"wp-block-image\">\n<figure class=\"aligncenter size-full is-resized\"><img loading=\"lazy\" decoding=\"async\" width=\"976\" height=\"930\" src=\"https:\/\/cloud.ruuvi.com\/i\/u\/Screenshot-2026-01-02-at-9.20.36-1.png\" alt=\"\" class=\"wp-image-64736\" style=\"width:629px;height:auto\" srcset=\"https:\/\/cloud.ruuvi.com\/i\/u\/Screenshot-2026-01-02-at-9.20.36-1.png 976w, https:\/\/cloud.ruuvi.com\/i\/u\/Screenshot-2026-01-02-at-9.20.36-1-450x429.png 450w, https:\/\/cloud.ruuvi.com\/i\/u\/Screenshot-2026-01-02-at-9.20.36-1-768x732.png 768w, https:\/\/cloud.ruuvi.com\/i\/u\/Screenshot-2026-01-02-at-9.20.36-1-600x572.png 600w\" sizes=\"auto, (max-width: 976px) 100vw, 976px\" \/><figcaption class=\"wp-element-caption\">Minun Ruuvi Account -kirjautumissivun salasanakentt\u00e4.<\/figcaption><\/figure>\n<\/div>\n<p><strong>Kohta 2: Sy\u00f6t\u00e4 aktivointikoodi Ruuvi Ruuvi Station Web -k\u00e4ytt\u00f6liittym\u00e4\u00e4n<\/strong><\/p>\n\n<p>Ruuvi Cloud aktivointikoodi(t) l\u00e4hetet\u00e4\u00e4n automaattisesti antamaasi s\u00e4hk\u00f6postiosoitteeseen tilauksen p\u00e4\u00e4tteeksi. Ruuvi Gateway -reitittimen mukana toimitetaan paperille tulostettu Ruuvi Cloud -aktivointikoodi, jonka voit aktivoida t\u00e4ss\u00e4.<\/p>\n\n<p>Napauta sitten oikeassa yl\u00e4kulmassa olevaa k\u00e4ytt\u00e4j\u00e4profiilikuvaketta ja valitse valikosta Minun Ruuvi-tilini. T\u00e4lt\u00e4 sivulta l\u00f6yd\u00e4t aktivointiohjeet ja koodikent\u00e4n, johon voit sy\u00f6tt\u00e4\u00e4 antamaasi s\u00e4hk\u00f6postiosoitteeseen toimitetun koodin.<\/p>\n<div class=\"wp-block-image\">\n<figure class=\"aligncenter size-full is-resized\"><img loading=\"lazy\" decoding=\"async\" width=\"1030\" height=\"1534\" src=\"https:\/\/cloud.ruuvi.com\/i\/u\/tilini.png\" alt=\"\" class=\"wp-image-52207\" style=\"width:576px\" srcset=\"https:\/\/cloud.ruuvi.com\/i\/u\/tilini.png 1030w, https:\/\/cloud.ruuvi.com\/i\/u\/tilini-302x450.png 302w, https:\/\/cloud.ruuvi.com\/i\/u\/tilini-688x1024.png 688w, https:\/\/cloud.ruuvi.com\/i\/u\/tilini-768x1144.png 768w, https:\/\/cloud.ruuvi.com\/i\/u\/tilini-600x894.png 600w\" sizes=\"auto, (max-width: 1030px) 100vw, 1030px\" \/><figcaption class=\"wp-element-caption\">Minun Ruuvi-tilini -n\u00e4kym\u00e4 Ruuvi Station -selaink\u00e4ytt\u00f6liittym\u00e4ss\u00e4 ruuvi.com\/fi\/station<\/figcaption><\/figure>\n<\/div>\n<section id=\"b-spacer-block_af737379715d92e06855d84cba747d1d\" class=\"b-spacer bg-white alignfull\">\n\t\t\t<div class=\"visible-lg-up\" style=\"height: 100px\"><\/div>\n\t\t<div class=\"hidden-lg-up\" style=\"height: 60px\"><\/div>\n\t<\/section>\n","protected":false},"excerpt":{"rendered":"<p>Kuinka aktivoin Ruuvi Cloud -tilauksen? Kohta 1: Kirjaudu sis\u00e4\u00e4n Ruuvi Web Station k\u00e4ytt\u00f6liittym\u00e4\u00e4n Kirjaudu sis\u00e4\u00e4n Ruuvi Web Station -k\u00e4ytt\u00f6liittym\u00e4\u00e4n osoitteessa ruuvi.com\/fi\/station. Saat s\u00e4hk\u00f6postiisi salasanan (nelj\u00e4 merkki\u00e4), joka sy\u00f6tet\u00e4\u00e4n salasana-kentt\u00e4\u00e4n sis\u00e4\u00e4nkirjaantumisen yhteydess\u00e4. T\u00e4m\u00e4 ei ole sama kuin Ruuvi Cloud aktivointikoodi. Kohta 2: Sy\u00f6t\u00e4 aktivointikoodi Ruuvi Ruuvi Station Web -k\u00e4ytt\u00f6liittym\u00e4\u00e4n Ruuvi Cloud aktivointikoodi(t) l\u00e4hetet\u00e4\u00e4n automaattisesti antamaasi s\u00e4hk\u00f6postiosoitteeseen [&hellip;]<\/p>\n","protected":false},"author":2,"featured_media":0,"parent":0,"menu_order":0,"comment_status":"closed","ping_status":"closed","template":"","meta":{"_acf_changed":false,"footnotes":""},"class_list":["post-52211","page","type-page","status-publish","hentry"],"acf":[],"yoast_head":"<!-- This site is optimized with the Yoast SEO plugin v27.5 - https:\/\/yoast.com\/product\/yoast-seo-wordpress\/ -->\n<title>Kuinka aktivoin Ruuvi Cloud -tilauksen? - Ruuvi Cloud Shop<\/title>\n<meta name=\"robots\" content=\"index, follow, max-snippet:-1, max-image-preview:large, max-video-preview:-1\" \/>\n<link rel=\"canonical\" href=\"https:\/\/cloud.ruuvi.com\/fi\/aktivoi\/\" \/>\n<meta property=\"og:locale\" content=\"fi_FI\" \/>\n<meta property=\"og:type\" content=\"article\" \/>\n<meta property=\"og:title\" content=\"Kuinka aktivoin Ruuvi Cloud -tilauksen?\" \/>\n<meta property=\"og:description\" content=\"Kuinka aktivoin Ruuvi Cloud -tilauksen? Kohta 1: Kirjaudu sis\u00e4\u00e4n Ruuvi Web Station k\u00e4ytt\u00f6liittym\u00e4\u00e4n Kirjaudu sis\u00e4\u00e4n Ruuvi Web Station -k\u00e4ytt\u00f6liittym\u00e4\u00e4n osoitteessa ruuvi.com\/fi\/station. Saat s\u00e4hk\u00f6postiisi salasanan (nelj\u00e4 merkki\u00e4), joka sy\u00f6tet\u00e4\u00e4n salasana-kentt\u00e4\u00e4n sis\u00e4\u00e4nkirjaantumisen yhteydess\u00e4. T\u00e4m\u00e4 ei ole sama kuin Ruuvi Cloud aktivointikoodi. Kohta 2: Sy\u00f6t\u00e4 aktivointikoodi Ruuvi Ruuvi Station Web -k\u00e4ytt\u00f6liittym\u00e4\u00e4n Ruuvi Cloud aktivointikoodi(t) l\u00e4hetet\u00e4\u00e4n automaattisesti antamaasi s\u00e4hk\u00f6postiosoitteeseen [&hellip;]\" \/>\n<meta property=\"og:url\" content=\"https:\/\/cloud.ruuvi.com\/fi\/aktivoi\/\" \/>\n<meta property=\"og:site_name\" content=\"Ruuvi Cloud Shop\" \/>\n<meta property=\"article:publisher\" content=\"https:\/\/www.facebook.com\/ruuvi.cc\" \/>\n<meta property=\"article:modified_time\" content=\"2026-01-02T02:23:14+00:00\" \/>\n<meta property=\"og:image\" content=\"https:\/\/cloud.ruuvi.com\/i\/u\/Screenshot-2026-01-02-at-9.22.41.png\" \/>\n\t<meta property=\"og:image:width\" content=\"994\" \/>\n\t<meta property=\"og:image:height\" content=\"794\" \/>\n\t<meta property=\"og:image:type\" content=\"image\/png\" \/>\n<meta name=\"twitter:card\" content=\"summary_large_image\" \/>\n<meta name=\"twitter:title\" content=\"Kuinka aktivoin Ruuvi Cloud -tilauksen?\" \/>\n<meta name=\"twitter:site\" content=\"@ruuvicom\" \/>\n<meta name=\"twitter:label1\" content=\"Arvioitu lukuaika\" \/>\n\t<meta name=\"twitter:data1\" content=\"1 minuutti\" \/>\n<script type=\"application\/ld+json\" class=\"yoast-schema-graph\">{\"@context\":\"https:\\\/\\\/schema.org\",\"@graph\":[{\"@type\":\"WebPage\",\"@id\":\"https:\\\/\\\/cloud.ruuvi.com\\\/fi\\\/aktivoi\\\/\",\"url\":\"https:\\\/\\\/cloud.ruuvi.com\\\/fi\\\/aktivoi\\\/\",\"name\":\"Kuinka aktivoin Ruuvi Cloud -tilauksen? - Ruuvi Cloud Shop\",\"isPartOf\":{\"@id\":\"https:\\\/\\\/cloud.ruuvi.com\\\/fi\\\/#website\"},\"primaryImageOfPage\":{\"@id\":\"https:\\\/\\\/cloud.ruuvi.com\\\/fi\\\/aktivoi\\\/#primaryimage\"},\"image\":{\"@id\":\"https:\\\/\\\/cloud.ruuvi.com\\\/fi\\\/aktivoi\\\/#primaryimage\"},\"thumbnailUrl\":\"https:\\\/\\\/cloud.ruuvi.com\\\/i\\\/u\\\/Screenshot-2026-01-02-at-9.20.36-1.png\",\"datePublished\":\"2023-01-31T04:02:50+00:00\",\"dateModified\":\"2026-01-02T02:23:14+00:00\",\"breadcrumb\":{\"@id\":\"https:\\\/\\\/cloud.ruuvi.com\\\/fi\\\/aktivoi\\\/#breadcrumb\"},\"inLanguage\":\"fi\",\"potentialAction\":[{\"@type\":\"ReadAction\",\"target\":[\"https:\\\/\\\/cloud.ruuvi.com\\\/fi\\\/aktivoi\\\/\"]}]},{\"@type\":\"ImageObject\",\"inLanguage\":\"fi\",\"@id\":\"https:\\\/\\\/cloud.ruuvi.com\\\/fi\\\/aktivoi\\\/#primaryimage\",\"url\":\"https:\\\/\\\/cloud.ruuvi.com\\\/i\\\/u\\\/Screenshot-2026-01-02-at-9.20.36-1.png\",\"contentUrl\":\"https:\\\/\\\/cloud.ruuvi.com\\\/i\\\/u\\\/Screenshot-2026-01-02-at-9.20.36-1.png\"},{\"@type\":\"BreadcrumbList\",\"@id\":\"https:\\\/\\\/cloud.ruuvi.com\\\/fi\\\/aktivoi\\\/#breadcrumb\",\"itemListElement\":[{\"@type\":\"ListItem\",\"position\":1,\"name\":\"Home\",\"item\":\"https:\\\/\\\/cloud.ruuvi.com\\\/fi\\\/\"},{\"@type\":\"ListItem\",\"position\":2,\"name\":\"Kuinka aktivoin Ruuvi Cloud -tilauksen?\"}]},{\"@type\":\"WebSite\",\"@id\":\"https:\\\/\\\/cloud.ruuvi.com\\\/fi\\\/#website\",\"url\":\"https:\\\/\\\/cloud.ruuvi.com\\\/fi\\\/\",\"name\":\"Ruuvi Cloud Shop\",\"description\":\"Measure Your World\",\"potentialAction\":[],\"inLanguage\":\"fi\"}]}<\/script>\n<!-- \/ Yoast SEO plugin. -->","yoast_head_json":{"title":"Kuinka aktivoin Ruuvi Cloud -tilauksen? - Ruuvi Cloud Shop","robots":{"index":"index","follow":"follow","max-snippet":"max-snippet:-1","max-image-preview":"max-image-preview:large","max-video-preview":"max-video-preview:-1"},"canonical":"https:\/\/cloud.ruuvi.com\/fi\/aktivoi\/","og_locale":"fi_FI","og_type":"article","og_title":"Kuinka aktivoin Ruuvi Cloud -tilauksen?","og_description":"Kuinka aktivoin Ruuvi Cloud -tilauksen? Kohta 1: Kirjaudu sis\u00e4\u00e4n Ruuvi Web Station k\u00e4ytt\u00f6liittym\u00e4\u00e4n Kirjaudu sis\u00e4\u00e4n Ruuvi Web Station -k\u00e4ytt\u00f6liittym\u00e4\u00e4n osoitteessa ruuvi.com\/fi\/station. Saat s\u00e4hk\u00f6postiisi salasanan (nelj\u00e4 merkki\u00e4), joka sy\u00f6tet\u00e4\u00e4n salasana-kentt\u00e4\u00e4n sis\u00e4\u00e4nkirjaantumisen yhteydess\u00e4. T\u00e4m\u00e4 ei ole sama kuin Ruuvi Cloud aktivointikoodi. Kohta 2: Sy\u00f6t\u00e4 aktivointikoodi Ruuvi Ruuvi Station Web -k\u00e4ytt\u00f6liittym\u00e4\u00e4n Ruuvi Cloud aktivointikoodi(t) l\u00e4hetet\u00e4\u00e4n automaattisesti antamaasi s\u00e4hk\u00f6postiosoitteeseen [&hellip;]","og_url":"https:\/\/cloud.ruuvi.com\/fi\/aktivoi\/","og_site_name":"Ruuvi Cloud Shop","article_publisher":"https:\/\/www.facebook.com\/ruuvi.cc","article_modified_time":"2026-01-02T02:23:14+00:00","og_image":[{"width":994,"height":794,"url":"https:\/\/cloud.ruuvi.com\/i\/u\/Screenshot-2026-01-02-at-9.22.41.png","type":"image\/png"}],"twitter_card":"summary_large_image","twitter_title":"Kuinka aktivoin Ruuvi Cloud -tilauksen?","twitter_site":"@ruuvicom","twitter_misc":{"Arvioitu lukuaika":"1 minuutti"},"schema":{"@context":"https:\/\/schema.org","@graph":[{"@type":"WebPage","@id":"https:\/\/cloud.ruuvi.com\/fi\/aktivoi\/","url":"https:\/\/cloud.ruuvi.com\/fi\/aktivoi\/","name":"Kuinka aktivoin Ruuvi Cloud -tilauksen? - Ruuvi Cloud Shop","isPartOf":{"@id":"https:\/\/cloud.ruuvi.com\/fi\/#website"},"primaryImageOfPage":{"@id":"https:\/\/cloud.ruuvi.com\/fi\/aktivoi\/#primaryimage"},"image":{"@id":"https:\/\/cloud.ruuvi.com\/fi\/aktivoi\/#primaryimage"},"thumbnailUrl":"https:\/\/cloud.ruuvi.com\/i\/u\/Screenshot-2026-01-02-at-9.20.36-1.png","datePublished":"2023-01-31T04:02:50+00:00","dateModified":"2026-01-02T02:23:14+00:00","breadcrumb":{"@id":"https:\/\/cloud.ruuvi.com\/fi\/aktivoi\/#breadcrumb"},"inLanguage":"fi","potentialAction":[{"@type":"ReadAction","target":["https:\/\/cloud.ruuvi.com\/fi\/aktivoi\/"]}]},{"@type":"ImageObject","inLanguage":"fi","@id":"https:\/\/cloud.ruuvi.com\/fi\/aktivoi\/#primaryimage","url":"https:\/\/cloud.ruuvi.com\/i\/u\/Screenshot-2026-01-02-at-9.20.36-1.png","contentUrl":"https:\/\/cloud.ruuvi.com\/i\/u\/Screenshot-2026-01-02-at-9.20.36-1.png"},{"@type":"BreadcrumbList","@id":"https:\/\/cloud.ruuvi.com\/fi\/aktivoi\/#breadcrumb","itemListElement":[{"@type":"ListItem","position":1,"name":"Home","item":"https:\/\/cloud.ruuvi.com\/fi\/"},{"@type":"ListItem","position":2,"name":"Kuinka aktivoin Ruuvi Cloud -tilauksen?"}]},{"@type":"WebSite","@id":"https:\/\/cloud.ruuvi.com\/fi\/#website","url":"https:\/\/cloud.ruuvi.com\/fi\/","name":"Ruuvi Cloud Shop","description":"Measure Your World","potentialAction":[],"inLanguage":"fi"}]}},"_links":{"self":[{"href":"https:\/\/cloud.ruuvi.com\/fi\/wp-json\/wp\/v2\/pages\/52211","targetHints":{"allow":["GET"]}}],"collection":[{"href":"https:\/\/cloud.ruuvi.com\/fi\/wp-json\/wp\/v2\/pages"}],"about":[{"href":"https:\/\/cloud.ruuvi.com\/fi\/wp-json\/wp\/v2\/types\/page"}],"author":[{"embeddable":true,"href":"https:\/\/cloud.ruuvi.com\/fi\/wp-json\/wp\/v2\/users\/2"}],"replies":[{"embeddable":true,"href":"https:\/\/cloud.ruuvi.com\/fi\/wp-json\/wp\/v2\/comments?post=52211"}],"version-history":[{"count":8,"href":"https:\/\/cloud.ruuvi.com\/fi\/wp-json\/wp\/v2\/pages\/52211\/revisions"}],"predecessor-version":[{"id":64738,"href":"https:\/\/cloud.ruuvi.com\/fi\/wp-json\/wp\/v2\/pages\/52211\/revisions\/64738"}],"wp:attachment":[{"href":"https:\/\/cloud.ruuvi.com\/fi\/wp-json\/wp\/v2\/media?parent=52211"}],"curies":[{"name":"wp","href":"https:\/\/api.w.org\/{rel}","templated":true}]}}